{"id":7,"date":"2023-07-31T09:41:14","date_gmt":"2023-07-31T07:41:14","guid":{"rendered":"https:\/\/mehoudar.fr\/?page_id=7"},"modified":"2023-07-31T11:52:34","modified_gmt":"2023-07-31T09:52:34","slug":"a-propos-de","status":"publish","type":"page","link":"https:\/\/mehoudar.fr\/index.php\/a-propos-de\/","title":{"rendered":"\u00c0 propos de"},"content":{"rendered":"\n<p>A PROPOS DE LA MARQUE M\u00c9HOUDAR&#8230;<\/p>\n\n\n\n<p class=\"has-text-align-center has-large-font-size\"><strong><em>C\u2019est une grande gamme de produits alimentaires vendues \u00e0 travers le monde pour tout le monde.<br>Toute fois la gamme continue de se d\u00e9velopper tous les jours, pour rester dans l\u2019actualit\u00e9 et la tendance !<\/em><\/strong><\/p>\n\n\n\n<figure class=\"wp-block-gallery has-nested-images columns-6 wp-block-gallery-1 is-layout-flex wp-block-gallery-is-layout-flex\">\n<figure class=\"wp-block-image size-large\"><img decoding=\"async\" data-id=\"77\" src=\"https:\/\/mehoudar.fr\/wp-content\/uploads\/2023\/07\/VIN-CABERNET-MEHOUDAR.png\" alt=\"\" class=\"wp-image-77\"\/><figcaption class=\"wp-element-caption\">Cabernet Sauvignon M\u00c9HOUDAR<\/figcaption><\/figure>\n\n\n\n<figure class=\"wp-block-image size-large\"><img decoding=\"async\" data-id=\"76\" src=\"https:\/\/mehoudar.fr\/wp-content\/uploads\/2023\/07\/VIN-CHARDONNAY-MEHOUDAR.png\" alt=\"\" class=\"wp-image-76\"\/><figcaption class=\"wp-element-caption\">Chardonnay M\u00c9HOUDAR<\/figcaption><\/figure>\n\n\n\n<figure class=\"wp-block-image size-large\"><img decoding=\"async\" data-id=\"78\" src=\"https:\/\/mehoudar.fr\/wp-content\/uploads\/2023\/07\/VIN-MERLOT-MEHOUDAR.png\" alt=\"\" class=\"wp-image-78\"\/><figcaption class=\"wp-element-caption\">Merlot M\u00c9HOUDAR<\/figcaption><\/figure>\n\n\n\n<figure class=\"wp-block-image size-large\"><img decoding=\"async\" data-id=\"80\" src=\"https:\/\/mehoudar.fr\/wp-content\/uploads\/2023\/07\/VIN-ROSE-MEHOUDAR.png\" alt=\"\" class=\"wp-image-80\"\/><figcaption class=\"wp-element-caption\">Ros\u00e9 M\u00c9HOUDAR<\/figcaption><\/figure>\n\n\n\n<figure class=\"wp-block-image size-large\"><img decoding=\"async\" data-id=\"79\" src=\"https:\/\/mehoudar.fr\/wp-content\/uploads\/2023\/07\/JUS-DE-RAISIN-MEHOUDAR-2022.png\" alt=\"\" class=\"wp-image-79\"\/><figcaption class=\"wp-element-caption\">Jus de raisin M\u00c9HOUDAR<\/figcaption><\/figure>\n<\/figure>\n\n\n\n<p><strong>M\u00c9HOUDAR C\u2019EST UNE MARQUE FRAN\u00c7AISE D\u00c9POS\u00c9E PAR Mr Elie NADJAR depuis 1998 avec un D\u00c9P\u00d4T EUROP\u00c9EN 2007<\/strong><\/p>\n\n\n\n<div class=\"wp-block-columns is-layout-flex wp-container-core-columns-is-layout-9d6595d7 wp-block-columns-is-layout-flex\">\n<div class=\"wp-block-column is-layout-flow wp-block-column-is-layout-flow\" style=\"flex-basis:33.33%\"><div class=\"wp-block-image\">\n<figure class=\"aligncenter size-full is-resized\"><img loading=\"lazy\" decoding=\"async\" src=\"https:\/\/mehoudar.fr\/wp-content\/uploads\/2023\/07\/SAUMON-MEHOUDAR.png\" alt=\"Saumon M\u00c9HOUDAR\" class=\"wp-image-75\" width=\"242\" height=\"339\" srcset=\"https:\/\/mehoudar.fr\/wp-content\/uploads\/2023\/07\/SAUMON-MEHOUDAR.png 500w, https:\/\/mehoudar.fr\/wp-content\/uploads\/2023\/07\/SAUMON-MEHOUDAR-214x300.png 214w, https:\/\/mehoudar.fr\/wp-content\/uploads\/2023\/07\/SAUMON-MEHOUDAR-400x562.png 400w\" sizes=\"auto, (max-width: 242px) 100vw, 242px\" \/><figcaption class=\"wp-element-caption\">Saumon M\u00c9HOUDAR<\/figcaption><\/figure>\n<\/div><\/div>\n\n\n\n<div class=\"wp-block-column is-layout-flow wp-block-column-is-layout-flow\" style=\"flex-basis:66.66%\"><div class=\"wp-block-image\">\n<figure class=\"aligncenter size-full\"><img loading=\"lazy\" decoding=\"async\" width=\"760\" height=\"323\" src=\"https:\/\/mehoudar.fr\/wp-content\/uploads\/2023\/07\/SAUMON-1Kg-MEHOUDAR.png\" alt=\"SAUMON 1Kg M\u00c9HOUDAR\" class=\"wp-image-112\" srcset=\"https:\/\/mehoudar.fr\/wp-content\/uploads\/2023\/07\/SAUMON-1Kg-MEHOUDAR.png 760w, https:\/\/mehoudar.fr\/wp-content\/uploads\/2023\/07\/SAUMON-1Kg-MEHOUDAR-300x128.png 300w, https:\/\/mehoudar.fr\/wp-content\/uploads\/2023\/07\/SAUMON-1Kg-MEHOUDAR-400x170.png 400w\" sizes=\"auto, (max-width: 760px) 100vw, 760px\" \/><figcaption class=\"wp-element-caption\">SAUMON 1Kg M\u00c9HOUDAR<\/figcaption><\/figure>\n<\/div><\/div>\n<\/div>\n\n\n\n<p>La gamme de produits <strong><strong>M\u00c9HOUDAR<\/strong><\/strong> ce sont les g\u00e2teaux (des Gaufres Li\u00e9geoises et P\u00e2tissi\u00e8res, des Cookies et Cookies sans sucres, des Madeleines, des Palmiers et des G\u00e2teaux Cake et Macaron Sp\u00e9cial pour Pessah), des Snack \u00abSnackitos\u00bb (au Ma\u00efs souffl\u00e9 et Riz souffl\u00e9) et des bretzels, ainsi que des Bonbons Sans Sucres (\u00e0 la menthe, au citron, \u00e0 la r\u00e9glisse, aux fruits ou aux fruits des bois et anis), de l\u2019Huile de tournesol, de la Kassefett (il s\u2019agit d\u2019une cr\u00e8me \u00e0 fouetter sans lait), du thon entier \u00e0 l\u2019huile, du Pain de mie, des cornichons extra fins, de la viande s\u00e9ch\u00e9e (Br\u00e9saola et Viande de Grison), du vinaigre cristal et color\u00e9e, de la pur\u00e9e d\u00e9licieuse ou du vin (Ros\u00e9, Chardonnay, Merlot et Cabernet Sauvignon) et jus de raisin ainsi que des bougies de Hannouka et bougies M\u00e9moriales.<\/p>\n\n\n\n<p class=\"has-text-align-center has-larger-font-size\"><em><strong>Si bien que <\/strong>n<strong>ous avons l\u2019art de d\u00e9nicher les meilleurs produits o\u00f9 qu\u2019ils se trouvent !!!<\/strong><\/em><\/p>\n\n\n\n<p>C-P-K Centrale des Produits Kasher qui r\u00e9alise la distribution dans le monde entier. Donc pour plus d\u2019information vous pouvez passer par la page contact ou vous pouvez \u00e9crire un email \u00e0 <a href=\"mailto:mikeelliott55@aol.com\">mikeelliott55@aol.com<\/a><\/p>\n","protected":false},"excerpt":{"rendered":"<p>A PROPOS DE LA MARQUE M\u00c9HOUDAR&#8230; C\u2019est une grande gamme de produits alimentaires vendues \u00e0 travers le monde pour tout le monde.Toute fois la gamme continue de se d\u00e9velopper tous les jours, pour rester dans l\u2019actualit\u00e9 et la tendance ! M\u00c9HOUDAR C\u2019EST UNE MARQUE FRAN\u00c7AISE D\u00c9POS\u00c9E PAR Mr Elie NADJAR depuis 1998 avec un D\u00c9P\u00d4T [&hellip;]<\/p>\n","protected":false},"author":1,"featured_media":0,"parent":0,"menu_order":0,"comment_status":"closed","ping_status":"closed","template":"templates\/template-full-width.php","meta":{"footnotes":""},"class_list":["post-7","page","type-page","status-publish","hentry"],"yoast_head":"<!-- This site is optimized with the Yoast SEO plugin v21.0 - https:\/\/yoast.com\/wordpress\/plugins\/seo\/ -->\n<title>\u00c0 propos de - M\u00c9HOUDAR<\/title>\n<meta name=\"robots\" content=\"index, follow, max-snippet:-1, max-image-preview:large, max-video-preview:-1\" \/>\n<link rel=\"canonical\" href=\"https:\/\/mehoudar.fr\/index.php\/a-propos-de\/\" \/>\n<meta property=\"og:locale\" content=\"fr_FR\" \/>\n<meta property=\"og:type\" content=\"article\" \/>\n<meta property=\"og:title\" content=\"\u00c0 propos de - M\u00c9HOUDAR\" \/>\n<meta property=\"og:description\" content=\"A PROPOS DE LA MARQUE M\u00c9HOUDAR&#8230; C\u2019est une grande gamme de produits alimentaires vendues \u00e0 travers le monde pour tout le monde.Toute fois la gamme continue de se d\u00e9velopper tous les jours, pour rester dans l\u2019actualit\u00e9 et la tendance ! M\u00c9HOUDAR C\u2019EST UNE MARQUE FRAN\u00c7AISE D\u00c9POS\u00c9E PAR Mr Elie NADJAR depuis 1998 avec un D\u00c9P\u00d4T [&hellip;]\" \/>\n<meta property=\"og:url\" content=\"https:\/\/mehoudar.fr\/index.php\/a-propos-de\/\" \/>\n<meta property=\"og:site_name\" content=\"M\u00c9HOUDAR\" \/>\n<meta property=\"article:modified_time\" content=\"2023-07-31T09:52:34+00:00\" \/>\n<meta property=\"og:image\" content=\"https:\/\/mehoudar.fr\/wp-content\/uploads\/2023\/07\/VIN-CABERNET-MEHOUDAR.png\" \/>\n<meta name=\"twitter:card\" content=\"summary_large_image\" \/>\n<meta name=\"twitter:label1\" content=\"Dur\u00e9e de lecture estim\u00e9e\" \/>\n\t<meta name=\"twitter:data1\" content=\"1 minute\" \/>\n<script type=\"application\/ld+json\" class=\"yoast-schema-graph\">{\"@context\":\"https:\/\/schema.org\",\"@graph\":[{\"@type\":\"WebPage\",\"@id\":\"https:\/\/mehoudar.fr\/index.php\/a-propos-de\/\",\"url\":\"https:\/\/mehoudar.fr\/index.php\/a-propos-de\/\",\"name\":\"\u00c0 propos de - M\u00c9HOUDAR\",\"isPartOf\":{\"@id\":\"https:\/\/mehoudar.fr\/#website\"},\"datePublished\":\"2023-07-31T07:41:14+00:00\",\"dateModified\":\"2023-07-31T09:52:34+00:00\",\"breadcrumb\":{\"@id\":\"https:\/\/mehoudar.fr\/index.php\/a-propos-de\/#breadcrumb\"},\"inLanguage\":\"fr-FR\",\"potentialAction\":[{\"@type\":\"ReadAction\",\"target\":[\"https:\/\/mehoudar.fr\/index.php\/a-propos-de\/\"]}]},{\"@type\":\"BreadcrumbList\",\"@id\":\"https:\/\/mehoudar.fr\/index.php\/a-propos-de\/#breadcrumb\",\"itemListElement\":[{\"@type\":\"ListItem\",\"position\":1,\"name\":\"Accueil\",\"item\":\"https:\/\/mehoudar.fr\/\"},{\"@type\":\"ListItem\",\"position\":2,\"name\":\"\u00c0 propos de\"}]},{\"@type\":\"WebSite\",\"@id\":\"https:\/\/mehoudar.fr\/#website\",\"url\":\"https:\/\/mehoudar.fr\/\",\"name\":\"M\u00c9HOUDAR\",\"description\":\"Haut de gamme\",\"publisher\":{\"@id\":\"https:\/\/mehoudar.fr\/#organization\"},\"alternateName\":\"PRODUITS M\u00c9HOUDAR\",\"potentialAction\":[{\"@type\":\"SearchAction\",\"target\":{\"@type\":\"EntryPoint\",\"urlTemplate\":\"https:\/\/mehoudar.fr\/?s={search_term_string}\"},\"query-input\":\"required name=search_term_string\"}],\"inLanguage\":\"fr-FR\"},{\"@type\":\"Organization\",\"@id\":\"https:\/\/mehoudar.fr\/#organization\",\"name\":\"M\u00c9HOUDAR\",\"alternateName\":\"PRODUITS DE LA MARQUE M\u00c9HOUDAR\",\"url\":\"https:\/\/mehoudar.fr\/\",\"logo\":{\"@type\":\"ImageObject\",\"inLanguage\":\"fr-FR\",\"@id\":\"https:\/\/mehoudar.fr\/#\/schema\/logo\/image\/\",\"url\":\"https:\/\/mehoudar.fr\/wp-content\/uploads\/2023\/07\/cropped-MEHOUDAR-LOGO-CARRE-1.jpg\",\"contentUrl\":\"https:\/\/mehoudar.fr\/wp-content\/uploads\/2023\/07\/cropped-MEHOUDAR-LOGO-CARRE-1.jpg\",\"width\":512,\"height\":512,\"caption\":\"M\u00c9HOUDAR\"},\"image\":{\"@id\":\"https:\/\/mehoudar.fr\/#\/schema\/logo\/image\/\"}}]}<\/script>\n<!-- \/ Yoast SEO plugin. -->","yoast_head_json":{"title":"\u00c0 propos de - M\u00c9HOUDAR","robots":{"index":"index","follow":"follow","max-snippet":"max-snippet:-1","max-image-preview":"max-image-preview:large","max-video-preview":"max-video-preview:-1"},"canonical":"https:\/\/mehoudar.fr\/index.php\/a-propos-de\/","og_locale":"fr_FR","og_type":"article","og_title":"\u00c0 propos de - M\u00c9HOUDAR","og_description":"A PROPOS DE LA MARQUE M\u00c9HOUDAR&#8230; C\u2019est une grande gamme de produits alimentaires vendues \u00e0 travers le monde pour tout le monde.Toute fois la gamme continue de se d\u00e9velopper tous les jours, pour rester dans l\u2019actualit\u00e9 et la tendance ! M\u00c9HOUDAR C\u2019EST UNE MARQUE FRAN\u00c7AISE D\u00c9POS\u00c9E PAR Mr Elie NADJAR depuis 1998 avec un D\u00c9P\u00d4T [&hellip;]","og_url":"https:\/\/mehoudar.fr\/index.php\/a-propos-de\/","og_site_name":"M\u00c9HOUDAR","article_modified_time":"2023-07-31T09:52:34+00:00","og_image":[{"url":"https:\/\/mehoudar.fr\/wp-content\/uploads\/2023\/07\/VIN-CABERNET-MEHOUDAR.png"}],"twitter_card":"summary_large_image","twitter_misc":{"Dur\u00e9e de lecture estim\u00e9e":"1 minute"},"schema":{"@context":"https:\/\/schema.org","@graph":[{"@type":"WebPage","@id":"https:\/\/mehoudar.fr\/index.php\/a-propos-de\/","url":"https:\/\/mehoudar.fr\/index.php\/a-propos-de\/","name":"\u00c0 propos de - M\u00c9HOUDAR","isPartOf":{"@id":"https:\/\/mehoudar.fr\/#website"},"datePublished":"2023-07-31T07:41:14+00:00","dateModified":"2023-07-31T09:52:34+00:00","breadcrumb":{"@id":"https:\/\/mehoudar.fr\/index.php\/a-propos-de\/#breadcrumb"},"inLanguage":"fr-FR","potentialAction":[{"@type":"ReadAction","target":["https:\/\/mehoudar.fr\/index.php\/a-propos-de\/"]}]},{"@type":"BreadcrumbList","@id":"https:\/\/mehoudar.fr\/index.php\/a-propos-de\/#breadcrumb","itemListElement":[{"@type":"ListItem","position":1,"name":"Accueil","item":"https:\/\/mehoudar.fr\/"},{"@type":"ListItem","position":2,"name":"\u00c0 propos de"}]},{"@type":"WebSite","@id":"https:\/\/mehoudar.fr\/#website","url":"https:\/\/mehoudar.fr\/","name":"M\u00c9HOUDAR","description":"Haut de gamme","publisher":{"@id":"https:\/\/mehoudar.fr\/#organization"},"alternateName":"PRODUITS M\u00c9HOUDAR","potentialAction":[{"@type":"SearchAction","target":{"@type":"EntryPoint","urlTemplate":"https:\/\/mehoudar.fr\/?s={search_term_string}"},"query-input":"required name=search_term_string"}],"inLanguage":"fr-FR"},{"@type":"Organization","@id":"https:\/\/mehoudar.fr\/#organization","name":"M\u00c9HOUDAR","alternateName":"PRODUITS DE LA MARQUE M\u00c9HOUDAR","url":"https:\/\/mehoudar.fr\/","logo":{"@type":"ImageObject","inLanguage":"fr-FR","@id":"https:\/\/mehoudar.fr\/#\/schema\/logo\/image\/","url":"https:\/\/mehoudar.fr\/wp-content\/uploads\/2023\/07\/cropped-MEHOUDAR-LOGO-CARRE-1.jpg","contentUrl":"https:\/\/mehoudar.fr\/wp-content\/uploads\/2023\/07\/cropped-MEHOUDAR-LOGO-CARRE-1.jpg","width":512,"height":512,"caption":"M\u00c9HOUDAR"},"image":{"@id":"https:\/\/mehoudar.fr\/#\/schema\/logo\/image\/"}}]}},"_links":{"self":[{"href":"https:\/\/mehoudar.fr\/index.php\/wp-json\/wp\/v2\/pages\/7","targetHints":{"allow":["GET"]}}],"collection":[{"href":"https:\/\/mehoudar.fr\/index.php\/wp-json\/wp\/v2\/pages"}],"about":[{"href":"https:\/\/mehoudar.fr\/index.php\/wp-json\/wp\/v2\/types\/page"}],"author":[{"embeddable":true,"href":"https:\/\/mehoudar.fr\/index.php\/wp-json\/wp\/v2\/users\/1"}],"replies":[{"embeddable":true,"href":"https:\/\/mehoudar.fr\/index.php\/wp-json\/wp\/v2\/comments?post=7"}],"version-history":[{"count":22,"href":"https:\/\/mehoudar.fr\/index.php\/wp-json\/wp\/v2\/pages\/7\/revisions"}],"predecessor-version":[{"id":137,"href":"https:\/\/mehoudar.fr\/index.php\/wp-json\/wp\/v2\/pages\/7\/revisions\/137"}],"wp:attachment":[{"href":"https:\/\/mehoudar.fr\/index.php\/wp-json\/wp\/v2\/media?parent=7"}],"curies":[{"name":"wp","href":"https:\/\/api.w.org\/{rel}","templated":true}]}}